{"id":376,"date":"2021-11-02T16:01:26","date_gmt":"2021-11-02T15:01:26","guid":{"rendered":"https:\/\/vignobles-villemon.chevvart.fr\/?post_type=product&#038;p=376"},"modified":"2025-02-13T16:24:30","modified_gmt":"2025-02-13T15:24:30","slug":"v-de-villemon-2019","status":"publish","type":"product","link":"https:\/\/vignobles-villemon.com\/en\/boutique\/wines\/red-wines\/v-de-villemon-2019\/","title":{"rendered":"V de Villemon"},"content":{"rendered":"<p>Vintage <strong>2021<\/strong><\/p>\n<p>&nbsp;<\/p>\n<p>100%\u00a0 Merlot<\/p>\n<p>&nbsp;<\/p>\n<p>Bottled at the vineyard<\/p>\n<p>&nbsp;<\/p>\n<p>Hand Picked \u2013 Hand Pressed<\/p>\n","protected":false},"excerpt":{"rendered":"<p>A wine dedicated to the drinker who prefers the lighter things in a glass of Red\u2026..specifically created for those who seek more Fruit and less Oak whilst maintaining the smooth hand- made qualities that come with all Villemon wines!<\/p>\n<p>Fresh notes of vanilla and red cherry<\/p>\n<p><strong>2021<\/strong> Mis en bouteille au Ch\u00e2teau<\/p>\n<p><strong><span style=\"font-size: 14pt;\">Box of 6 bottles<\/span><\/strong><\/p>\n","protected":false},"featured_media":1096,"template":"","meta":[],"product_brand":[],"product_cat":[28,33],"product_tag":[],"class_list":{"0":"post-376","1":"product","2":"type-product","3":"status-publish","4":"has-post-thumbnail","6":"product_cat-red-wines","7":"product_cat-wines","9":"first","10":"instock","11":"taxable","12":"shipping-taxable","13":"purchasable","14":"product-type-simple"},"yoast_head":"<!-- This site is optimized with the Yoast SEO Premium plugin v24.4 (Yoast SEO v24.4) - https:\/\/yoast.com\/wordpress\/plugins\/seo\/ -->\n<title>V de Villemon | Vignobles Villemon<\/title>\n<meta name=\"description\" content=\"Vignobles Villemon\u2019 est un vignoble en AOC BORDEAUX sur une surface de 21 Hectares. Pr\u00e8s de l\u2019Isle, la rivi\u00e8re qui traverse Libourne, le sol argilo-calcaire est parfait pour cultiver les c\u00e9pages traditionnels du bordelais, Merlot et Cabernet. Avec une production limit\u00e9e de 50.000 bouteilles par an, \u2018Vignobles Villemon\u2019 garantit des vins fins et de grande qualit\u00e9. Nous travaillons avec les meilleurs oenologues de la r\u00e9gion pour faire un vin de go\u00fbt classique et dans les traditions de l\u2019appellation Bordeaux, connu dans le monde entier.\" \/>\n<meta name=\"robots\" content=\"index, follow, max-snippet:-1, max-image-preview:large, max-video-preview:-1\" \/>\n<link rel=\"canonical\" href=\"https:\/\/vignobles-villemon.com\/en\/boutique\/wines\/red-wines\/v-de-villemon-2019\/\" \/>\n<meta property=\"og:locale\" content=\"en_US\" \/>\n<meta property=\"og:type\" content=\"article\" \/>\n<meta property=\"og:title\" content=\"V de Villemon\" \/>\n<meta property=\"og:description\" content=\"Vignobles Villemon\u2019 est un vignoble en AOC BORDEAUX sur une surface de 21 Hectares. Pr\u00e8s de l\u2019Isle, la rivi\u00e8re qui traverse Libourne, le sol argilo-calcaire est parfait pour cultiver les c\u00e9pages traditionnels du bordelais, Merlot et Cabernet. Avec une production limit\u00e9e de 50.000 bouteilles par an, \u2018Vignobles Villemon\u2019 garantit des vins fins et de grande qualit\u00e9. Nous travaillons avec les meilleurs oenologues de la r\u00e9gion pour faire un vin de go\u00fbt classique et dans les traditions de l\u2019appellation Bordeaux, connu dans le monde entier.\" \/>\n<meta property=\"og:url\" content=\"https:\/\/vignobles-villemon.com\/en\/boutique\/wines\/red-wines\/v-de-villemon-2019\/\" \/>\n<meta property=\"og:site_name\" content=\"Vignobles Villemon\" \/>\n<meta property=\"article:modified_time\" content=\"2025-02-13T15:24:30+00:00\" \/>\n<meta property=\"og:image\" content=\"https:\/\/vignobles-villemon.com\/wp-content\/uploads\/2021\/11\/vin-006.png\" \/>\n\t<meta property=\"og:image:width\" content=\"615\" \/>\n\t<meta property=\"og:image:height\" content=\"1000\" \/>\n\t<meta property=\"og:image:type\" content=\"image\/png\" \/>\n<meta name=\"twitter:card\" content=\"summary_large_image\" \/>\n<script type=\"application\/ld+json\" class=\"yoast-schema-graph\">{\"@context\":\"https:\/\/schema.org\",\"@graph\":[{\"@type\":\"WebPage\",\"@id\":\"https:\/\/vignobles-villemon.com\/en\/boutique\/wines\/red-wines\/v-de-villemon-2019\/\",\"url\":\"https:\/\/vignobles-villemon.com\/en\/boutique\/wines\/red-wines\/v-de-villemon-2019\/\",\"name\":\"V de Villemon | Vignobles Villemon\",\"isPartOf\":{\"@id\":\"https:\/\/vignobles-villemon.com\/#website\"},\"primaryImageOfPage\":{\"@id\":\"https:\/\/vignobles-villemon.com\/en\/boutique\/wines\/red-wines\/v-de-villemon-2019\/#primaryimage\"},\"image\":{\"@id\":\"https:\/\/vignobles-villemon.com\/en\/boutique\/wines\/red-wines\/v-de-villemon-2019\/#primaryimage\"},\"thumbnailUrl\":\"https:\/\/vignobles-villemon.com\/wp-content\/uploads\/2021\/11\/vin-006.png\",\"datePublished\":\"2021-11-02T15:01:26+00:00\",\"dateModified\":\"2025-02-13T15:24:30+00:00\",\"description\":\"Vignobles Villemon\u2019 est un vignoble en AOC BORDEAUX sur une surface de 21 Hectares. Pr\u00e8s de l\u2019Isle, la rivi\u00e8re qui traverse Libourne, le sol argilo-calcaire est parfait pour cultiver les c\u00e9pages traditionnels du bordelais, Merlot et Cabernet. Avec une production limit\u00e9e de 50.000 bouteilles par an, \u2018Vignobles Villemon\u2019 garantit des vins fins et de grande qualit\u00e9. Nous travaillons avec les meilleurs oenologues de la r\u00e9gion pour faire un vin de go\u00fbt classique et dans les traditions de l\u2019appellation Bordeaux, connu dans le monde entier.\",\"breadcrumb\":{\"@id\":\"https:\/\/vignobles-villemon.com\/en\/boutique\/wines\/red-wines\/v-de-villemon-2019\/#breadcrumb\"},\"inLanguage\":\"en-US\",\"potentialAction\":[{\"@type\":\"ReadAction\",\"target\":[\"https:\/\/vignobles-villemon.com\/en\/boutique\/wines\/red-wines\/v-de-villemon-2019\/\"]}]},{\"@type\":\"ImageObject\",\"inLanguage\":\"en-US\",\"@id\":\"https:\/\/vignobles-villemon.com\/en\/boutique\/wines\/red-wines\/v-de-villemon-2019\/#primaryimage\",\"url\":\"https:\/\/vignobles-villemon.com\/wp-content\/uploads\/2021\/11\/vin-006.png\",\"contentUrl\":\"https:\/\/vignobles-villemon.com\/wp-content\/uploads\/2021\/11\/vin-006.png\",\"width\":615,\"height\":1000,\"caption\":\"Vignobles Villemon\"},{\"@type\":\"BreadcrumbList\",\"@id\":\"https:\/\/vignobles-villemon.com\/en\/boutique\/wines\/red-wines\/v-de-villemon-2019\/#breadcrumb\",\"itemListElement\":[{\"@type\":\"ListItem\",\"position\":1,\"name\":\"Accueil\",\"item\":\"https:\/\/vignobles-villemon.com\/en\/home\/\"},{\"@type\":\"ListItem\",\"position\":2,\"name\":\"Boutique\",\"item\":\"https:\/\/vignobles-villemon.com\/boutique\/\"},{\"@type\":\"ListItem\",\"position\":3,\"name\":\"V de Villemon\"}]},{\"@type\":\"WebSite\",\"@id\":\"https:\/\/vignobles-villemon.com\/#website\",\"url\":\"https:\/\/vignobles-villemon.com\/\",\"name\":\"Vignobles Villemon\",\"description\":\"VINS DE BORDEAUX - NOTRE PASSION...\",\"publisher\":{\"@id\":\"https:\/\/vignobles-villemon.com\/#organization\"},\"alternateName\":\"Ch\u00e2teau Villemon\",\"potentialAction\":[{\"@type\":\"SearchAction\",\"target\":{\"@type\":\"EntryPoint\",\"urlTemplate\":\"https:\/\/vignobles-villemon.com\/?s={search_term_string}\"},\"query-input\":{\"@type\":\"PropertyValueSpecification\",\"valueRequired\":true,\"valueName\":\"search_term_string\"}}],\"inLanguage\":\"en-US\"},{\"@type\":\"Organization\",\"@id\":\"https:\/\/vignobles-villemon.com\/#organization\",\"name\":\"VIGNOBLES VILLEMON\",\"alternateName\":\"CH\u00c2TEAUX VILLEMON\",\"url\":\"https:\/\/vignobles-villemon.com\/\",\"logo\":{\"@type\":\"ImageObject\",\"inLanguage\":\"en-US\",\"@id\":\"https:\/\/vignobles-villemon.com\/#\/schema\/logo\/image\/\",\"url\":\"https:\/\/vignobles-villemon.com\/wp-content\/uploads\/2021\/11\/logo-006.png\",\"contentUrl\":\"https:\/\/vignobles-villemon.com\/wp-content\/uploads\/2021\/11\/logo-006.png\",\"width\":1200,\"height\":421,\"caption\":\"VIGNOBLES VILLEMON\"},\"image\":{\"@id\":\"https:\/\/vignobles-villemon.com\/#\/schema\/logo\/image\/\"},\"sameAs\":[\"https:\/\/www.instagram.com\/chateauvillemon33\/\"],\"ethicsPolicy\":\"https:\/\/vignobles-villemon.com\/politique-de-confidentialite\/\"}]}<\/script>\n<!-- \/ Yoast SEO Premium plugin. -->","yoast_head_json":{"title":"V de Villemon | Vignobles Villemon","description":"Vignobles Villemon\u2019 est un vignoble en AOC BORDEAUX sur une surface de 21 Hectares. Pr\u00e8s de l\u2019Isle, la rivi\u00e8re qui traverse Libourne, le sol argilo-calcaire est parfait pour cultiver les c\u00e9pages traditionnels du bordelais, Merlot et Cabernet. Avec une production limit\u00e9e de 50.000 bouteilles par an, \u2018Vignobles Villemon\u2019 garantit des vins fins et de grande qualit\u00e9. Nous travaillons avec les meilleurs oenologues de la r\u00e9gion pour faire un vin de go\u00fbt classique et dans les traditions de l\u2019appellation Bordeaux, connu dans le monde entier.","robots":{"index":"index","follow":"follow","max-snippet":"max-snippet:-1","max-image-preview":"max-image-preview:large","max-video-preview":"max-video-preview:-1"},"canonical":"https:\/\/vignobles-villemon.com\/en\/boutique\/wines\/red-wines\/v-de-villemon-2019\/","og_locale":"en_US","og_type":"article","og_title":"V de Villemon","og_description":"Vignobles Villemon\u2019 est un vignoble en AOC BORDEAUX sur une surface de 21 Hectares. Pr\u00e8s de l\u2019Isle, la rivi\u00e8re qui traverse Libourne, le sol argilo-calcaire est parfait pour cultiver les c\u00e9pages traditionnels du bordelais, Merlot et Cabernet. Avec une production limit\u00e9e de 50.000 bouteilles par an, \u2018Vignobles Villemon\u2019 garantit des vins fins et de grande qualit\u00e9. Nous travaillons avec les meilleurs oenologues de la r\u00e9gion pour faire un vin de go\u00fbt classique et dans les traditions de l\u2019appellation Bordeaux, connu dans le monde entier.","og_url":"https:\/\/vignobles-villemon.com\/en\/boutique\/wines\/red-wines\/v-de-villemon-2019\/","og_site_name":"Vignobles Villemon","article_modified_time":"2025-02-13T15:24:30+00:00","og_image":[{"width":615,"height":1000,"url":"https:\/\/vignobles-villemon.com\/wp-content\/uploads\/2021\/11\/vin-006.png","type":"image\/png"}],"twitter_card":"summary_large_image","schema":{"@context":"https:\/\/schema.org","@graph":[{"@type":"WebPage","@id":"https:\/\/vignobles-villemon.com\/en\/boutique\/wines\/red-wines\/v-de-villemon-2019\/","url":"https:\/\/vignobles-villemon.com\/en\/boutique\/wines\/red-wines\/v-de-villemon-2019\/","name":"V de Villemon | Vignobles Villemon","isPartOf":{"@id":"https:\/\/vignobles-villemon.com\/#website"},"primaryImageOfPage":{"@id":"https:\/\/vignobles-villemon.com\/en\/boutique\/wines\/red-wines\/v-de-villemon-2019\/#primaryimage"},"image":{"@id":"https:\/\/vignobles-villemon.com\/en\/boutique\/wines\/red-wines\/v-de-villemon-2019\/#primaryimage"},"thumbnailUrl":"https:\/\/vignobles-villemon.com\/wp-content\/uploads\/2021\/11\/vin-006.png","datePublished":"2021-11-02T15:01:26+00:00","dateModified":"2025-02-13T15:24:30+00:00","description":"Vignobles Villemon\u2019 est un vignoble en AOC BORDEAUX sur une surface de 21 Hectares. Pr\u00e8s de l\u2019Isle, la rivi\u00e8re qui traverse Libourne, le sol argilo-calcaire est parfait pour cultiver les c\u00e9pages traditionnels du bordelais, Merlot et Cabernet. Avec une production limit\u00e9e de 50.000 bouteilles par an, \u2018Vignobles Villemon\u2019 garantit des vins fins et de grande qualit\u00e9. Nous travaillons avec les meilleurs oenologues de la r\u00e9gion pour faire un vin de go\u00fbt classique et dans les traditions de l\u2019appellation Bordeaux, connu dans le monde entier.","breadcrumb":{"@id":"https:\/\/vignobles-villemon.com\/en\/boutique\/wines\/red-wines\/v-de-villemon-2019\/#breadcrumb"},"inLanguage":"en-US","potentialAction":[{"@type":"ReadAction","target":["https:\/\/vignobles-villemon.com\/en\/boutique\/wines\/red-wines\/v-de-villemon-2019\/"]}]},{"@type":"ImageObject","inLanguage":"en-US","@id":"https:\/\/vignobles-villemon.com\/en\/boutique\/wines\/red-wines\/v-de-villemon-2019\/#primaryimage","url":"https:\/\/vignobles-villemon.com\/wp-content\/uploads\/2021\/11\/vin-006.png","contentUrl":"https:\/\/vignobles-villemon.com\/wp-content\/uploads\/2021\/11\/vin-006.png","width":615,"height":1000,"caption":"Vignobles Villemon"},{"@type":"BreadcrumbList","@id":"https:\/\/vignobles-villemon.com\/en\/boutique\/wines\/red-wines\/v-de-villemon-2019\/#breadcrumb","itemListElement":[{"@type":"ListItem","position":1,"name":"Accueil","item":"https:\/\/vignobles-villemon.com\/en\/home\/"},{"@type":"ListItem","position":2,"name":"Boutique","item":"https:\/\/vignobles-villemon.com\/boutique\/"},{"@type":"ListItem","position":3,"name":"V de Villemon"}]},{"@type":"WebSite","@id":"https:\/\/vignobles-villemon.com\/#website","url":"https:\/\/vignobles-villemon.com\/","name":"Vignobles Villemon","description":"VINS DE BORDEAUX - NOTRE PASSION...","publisher":{"@id":"https:\/\/vignobles-villemon.com\/#organization"},"alternateName":"Ch\u00e2teau Villemon","potentialAction":[{"@type":"SearchAction","target":{"@type":"EntryPoint","urlTemplate":"https:\/\/vignobles-villemon.com\/?s={search_term_string}"},"query-input":{"@type":"PropertyValueSpecification","valueRequired":true,"valueName":"search_term_string"}}],"inLanguage":"en-US"},{"@type":"Organization","@id":"https:\/\/vignobles-villemon.com\/#organization","name":"VIGNOBLES VILLEMON","alternateName":"CH\u00c2TEAUX VILLEMON","url":"https:\/\/vignobles-villemon.com\/","logo":{"@type":"ImageObject","inLanguage":"en-US","@id":"https:\/\/vignobles-villemon.com\/#\/schema\/logo\/image\/","url":"https:\/\/vignobles-villemon.com\/wp-content\/uploads\/2021\/11\/logo-006.png","contentUrl":"https:\/\/vignobles-villemon.com\/wp-content\/uploads\/2021\/11\/logo-006.png","width":1200,"height":421,"caption":"VIGNOBLES VILLEMON"},"image":{"@id":"https:\/\/vignobles-villemon.com\/#\/schema\/logo\/image\/"},"sameAs":["https:\/\/www.instagram.com\/chateauvillemon33\/"],"ethicsPolicy":"https:\/\/vignobles-villemon.com\/politique-de-confidentialite\/"}]}},"_links":{"self":[{"href":"https:\/\/vignobles-villemon.com\/en\/wp-json\/wp\/v2\/product\/376","targetHints":{"allow":["GET"]}}],"collection":[{"href":"https:\/\/vignobles-villemon.com\/en\/wp-json\/wp\/v2\/product"}],"about":[{"href":"https:\/\/vignobles-villemon.com\/en\/wp-json\/wp\/v2\/types\/product"}],"version-history":[{"count":11,"href":"https:\/\/vignobles-villemon.com\/en\/wp-json\/wp\/v2\/product\/376\/revisions"}],"predecessor-version":[{"id":2758,"href":"https:\/\/vignobles-villemon.com\/en\/wp-json\/wp\/v2\/product\/376\/revisions\/2758"}],"wp:featuredmedia":[{"embeddable":true,"href":"https:\/\/vignobles-villemon.com\/en\/wp-json\/wp\/v2\/media\/1096"}],"wp:attachment":[{"href":"https:\/\/vignobles-villemon.com\/en\/wp-json\/wp\/v2\/media?parent=376"}],"wp:term":[{"taxonomy":"product_brand","embeddable":true,"href":"https:\/\/vignobles-villemon.com\/en\/wp-json\/wp\/v2\/product_brand?post=376"},{"taxonomy":"product_cat","embeddable":true,"href":"https:\/\/vignobles-villemon.com\/en\/wp-json\/wp\/v2\/product_cat?post=376"},{"taxonomy":"product_tag","embeddable":true,"href":"https:\/\/vignobles-villemon.com\/en\/wp-json\/wp\/v2\/product_tag?post=376"}],"curies":[{"name":"wp","href":"https:\/\/api.w.org\/{rel}","templated":true}]}}