{"id":984,"date":"2022-02-08T16:34:20","date_gmt":"2022-02-08T15:34:20","guid":{"rendered":"https:\/\/vignobles-villemon.com\/?post_type=product&#038;p=984"},"modified":"2025-02-13T16:37:38","modified_gmt":"2025-02-13T15:37:38","slug":"grande-reserve","status":"publish","type":"product","link":"https:\/\/vignobles-villemon.com\/en\/boutique\/wines\/red-wines\/grande-reserve\/","title":{"rendered":"Grande R\u00e9serve"},"content":{"rendered":"<p>Vintage <strong>2022<\/strong><\/p>\n<p>&nbsp;<\/p>\n<p>50\/50 Merlot \u2013 Cabernet Sauvignon.<\/p>\n<p>&nbsp;<\/p>\n<p>Oak aged up to 18 months<\/p>\n<p>&nbsp;<\/p>\n<p>Bottled at the Vineyard<\/p>\n<p>&nbsp;<\/p>\n<p>Hand Picked &#8211; Hand Pressed<\/p>\n<p>&nbsp;<\/p>\n<p>Bottles are limited<\/p>\n<p>&nbsp;<\/p>\n<p>&nbsp;<\/p>\n<p>&nbsp;<\/p>\n","protected":false},"excerpt":{"rendered":"<p>Extensive oak ageing (up to 18 months) gives this super smooth wine something extra \u2013 the mix of grapes varies from year to year with the 2020 vintage being a blend of 50\/50 Merlot \u2013 Cabernet Sauvignon.<\/p>\n<p>Bottles are limited \u2013 en primeur orders are recommended, contact us to reserve for vintages to come, enjoy a 15% reduction.<\/p>\n<p>contact@vignobles-villemon.com<\/p>\n<p><strong>2022<\/strong>\u00a0Mis en bouteille au Ch\u00e2teau.<\/p>\n<p><strong>Box of 6 bottles<\/strong><\/p>\n","protected":false},"featured_media":1600,"template":"","meta":[],"product_brand":[],"product_cat":[28,33],"product_tag":[],"class_list":{"0":"post-984","1":"product","2":"type-product","3":"status-publish","4":"has-post-thumbnail","6":"product_cat-red-wines","7":"product_cat-wines","9":"first","10":"instock","11":"taxable","12":"shipping-taxable","13":"purchasable","14":"product-type-simple"},"yoast_head":"<!-- This site is optimized with the Yoast SEO Premium plugin v24.4 (Yoast SEO v24.4) - https:\/\/yoast.com\/wordpress\/plugins\/seo\/ -->\n<title>Grande R\u00e9serve | Vignobles Villemon<\/title>\n<meta name=\"description\" content=\"Vignobles Villemon\u2019 est un vignoble en AOC BORDEAUX sur une surface de 21 Hectares. Pr\u00e8s de l\u2019Isle, la rivi\u00e8re qui traverse Libourne, le sol argilo-calcaire est parfait pour cultiver les c\u00e9pages traditionnels du bordelais, Merlot et Cabernet. Avec une production limit\u00e9e de 50.000 bouteilles par an, \u2018Vignobles Villemon\u2019 garantit des vins fins et de grande qualit\u00e9. Nous travaillons avec les meilleurs oenologues de la r\u00e9gion pour faire un vin de go\u00fbt classique et dans les traditions de l\u2019appellation Bordeaux, connu dans le monde entier.\" \/>\n<meta name=\"robots\" content=\"index, follow, max-snippet:-1, max-image-preview:large, max-video-preview:-1\" \/>\n<link rel=\"canonical\" href=\"https:\/\/vignobles-villemon.com\/en\/boutique\/wines\/red-wines\/grande-reserve\/\" \/>\n<meta property=\"og:locale\" content=\"en_US\" \/>\n<meta property=\"og:type\" content=\"article\" \/>\n<meta property=\"og:title\" content=\"Grande R\u00e9serve\" \/>\n<meta property=\"og:description\" content=\"Vignobles Villemon\u2019 est un vignoble en AOC BORDEAUX sur une surface de 21 Hectares. Pr\u00e8s de l\u2019Isle, la rivi\u00e8re qui traverse Libourne, le sol argilo-calcaire est parfait pour cultiver les c\u00e9pages traditionnels du bordelais, Merlot et Cabernet. Avec une production limit\u00e9e de 50.000 bouteilles par an, \u2018Vignobles Villemon\u2019 garantit des vins fins et de grande qualit\u00e9. Nous travaillons avec les meilleurs oenologues de la r\u00e9gion pour faire un vin de go\u00fbt classique et dans les traditions de l\u2019appellation Bordeaux, connu dans le monde entier.\" \/>\n<meta property=\"og:url\" content=\"https:\/\/vignobles-villemon.com\/en\/boutique\/wines\/red-wines\/grande-reserve\/\" \/>\n<meta property=\"og:site_name\" content=\"Vignobles Villemon\" \/>\n<meta property=\"article:modified_time\" content=\"2025-02-13T15:37:38+00:00\" \/>\n<meta property=\"og:image\" content=\"https:\/\/vignobles-villemon.com\/wp-content\/uploads\/2022\/02\/grandreserve-007.png\" \/>\n\t<meta property=\"og:image:width\" content=\"615\" \/>\n\t<meta property=\"og:image:height\" content=\"1000\" \/>\n\t<meta property=\"og:image:type\" content=\"image\/png\" \/>\n<meta name=\"twitter:card\" content=\"summary_large_image\" \/>\n<script type=\"application\/ld+json\" class=\"yoast-schema-graph\">{\"@context\":\"https:\/\/schema.org\",\"@graph\":[{\"@type\":\"WebPage\",\"@id\":\"https:\/\/vignobles-villemon.com\/en\/boutique\/wines\/red-wines\/grande-reserve\/\",\"url\":\"https:\/\/vignobles-villemon.com\/en\/boutique\/wines\/red-wines\/grande-reserve\/\",\"name\":\"Grande R\u00e9serve | Vignobles Villemon\",\"isPartOf\":{\"@id\":\"https:\/\/vignobles-villemon.com\/#website\"},\"primaryImageOfPage\":{\"@id\":\"https:\/\/vignobles-villemon.com\/en\/boutique\/wines\/red-wines\/grande-reserve\/#primaryimage\"},\"image\":{\"@id\":\"https:\/\/vignobles-villemon.com\/en\/boutique\/wines\/red-wines\/grande-reserve\/#primaryimage\"},\"thumbnailUrl\":\"https:\/\/vignobles-villemon.com\/wp-content\/uploads\/2022\/02\/grandreserve-007.png\",\"datePublished\":\"2022-02-08T15:34:20+00:00\",\"dateModified\":\"2025-02-13T15:37:38+00:00\",\"description\":\"Vignobles Villemon\u2019 est un vignoble en AOC BORDEAUX sur une surface de 21 Hectares. Pr\u00e8s de l\u2019Isle, la rivi\u00e8re qui traverse Libourne, le sol argilo-calcaire est parfait pour cultiver les c\u00e9pages traditionnels du bordelais, Merlot et Cabernet. Avec une production limit\u00e9e de 50.000 bouteilles par an, \u2018Vignobles Villemon\u2019 garantit des vins fins et de grande qualit\u00e9. Nous travaillons avec les meilleurs oenologues de la r\u00e9gion pour faire un vin de go\u00fbt classique et dans les traditions de l\u2019appellation Bordeaux, connu dans le monde entier.\",\"breadcrumb\":{\"@id\":\"https:\/\/vignobles-villemon.com\/en\/boutique\/wines\/red-wines\/grande-reserve\/#breadcrumb\"},\"inLanguage\":\"en-US\",\"potentialAction\":[{\"@type\":\"ReadAction\",\"target\":[\"https:\/\/vignobles-villemon.com\/en\/boutique\/wines\/red-wines\/grande-reserve\/\"]}]},{\"@type\":\"ImageObject\",\"inLanguage\":\"en-US\",\"@id\":\"https:\/\/vignobles-villemon.com\/en\/boutique\/wines\/red-wines\/grande-reserve\/#primaryimage\",\"url\":\"https:\/\/vignobles-villemon.com\/wp-content\/uploads\/2022\/02\/grandreserve-007.png\",\"contentUrl\":\"https:\/\/vignobles-villemon.com\/wp-content\/uploads\/2022\/02\/grandreserve-007.png\",\"width\":615,\"height\":1000,\"caption\":\"Vignobles Villemon\"},{\"@type\":\"BreadcrumbList\",\"@id\":\"https:\/\/vignobles-villemon.com\/en\/boutique\/wines\/red-wines\/grande-reserve\/#breadcrumb\",\"itemListElement\":[{\"@type\":\"ListItem\",\"position\":1,\"name\":\"Accueil\",\"item\":\"https:\/\/vignobles-villemon.com\/en\/home\/\"},{\"@type\":\"ListItem\",\"position\":2,\"name\":\"Boutique\",\"item\":\"https:\/\/vignobles-villemon.com\/boutique\/\"},{\"@type\":\"ListItem\",\"position\":3,\"name\":\"Grande R\u00e9serve\"}]},{\"@type\":\"WebSite\",\"@id\":\"https:\/\/vignobles-villemon.com\/#website\",\"url\":\"https:\/\/vignobles-villemon.com\/\",\"name\":\"Vignobles Villemon\",\"description\":\"VINS DE BORDEAUX - NOTRE PASSION...\",\"publisher\":{\"@id\":\"https:\/\/vignobles-villemon.com\/#organization\"},\"alternateName\":\"Ch\u00e2teau Villemon\",\"potentialAction\":[{\"@type\":\"SearchAction\",\"target\":{\"@type\":\"EntryPoint\",\"urlTemplate\":\"https:\/\/vignobles-villemon.com\/?s={search_term_string}\"},\"query-input\":{\"@type\":\"PropertyValueSpecification\",\"valueRequired\":true,\"valueName\":\"search_term_string\"}}],\"inLanguage\":\"en-US\"},{\"@type\":\"Organization\",\"@id\":\"https:\/\/vignobles-villemon.com\/#organization\",\"name\":\"VIGNOBLES VILLEMON\",\"alternateName\":\"CH\u00c2TEAUX VILLEMON\",\"url\":\"https:\/\/vignobles-villemon.com\/\",\"logo\":{\"@type\":\"ImageObject\",\"inLanguage\":\"en-US\",\"@id\":\"https:\/\/vignobles-villemon.com\/#\/schema\/logo\/image\/\",\"url\":\"https:\/\/vignobles-villemon.com\/wp-content\/uploads\/2021\/11\/logo-006.png\",\"contentUrl\":\"https:\/\/vignobles-villemon.com\/wp-content\/uploads\/2021\/11\/logo-006.png\",\"width\":1200,\"height\":421,\"caption\":\"VIGNOBLES VILLEMON\"},\"image\":{\"@id\":\"https:\/\/vignobles-villemon.com\/#\/schema\/logo\/image\/\"},\"sameAs\":[\"https:\/\/www.instagram.com\/chateauvillemon33\/\"],\"ethicsPolicy\":\"https:\/\/vignobles-villemon.com\/politique-de-confidentialite\/\"}]}<\/script>\n<!-- \/ Yoast SEO Premium plugin. -->","yoast_head_json":{"title":"Grande R\u00e9serve | Vignobles Villemon","description":"Vignobles Villemon\u2019 est un vignoble en AOC BORDEAUX sur une surface de 21 Hectares. Pr\u00e8s de l\u2019Isle, la rivi\u00e8re qui traverse Libourne, le sol argilo-calcaire est parfait pour cultiver les c\u00e9pages traditionnels du bordelais, Merlot et Cabernet. Avec une production limit\u00e9e de 50.000 bouteilles par an, \u2018Vignobles Villemon\u2019 garantit des vins fins et de grande qualit\u00e9. Nous travaillons avec les meilleurs oenologues de la r\u00e9gion pour faire un vin de go\u00fbt classique et dans les traditions de l\u2019appellation Bordeaux, connu dans le monde entier.","robots":{"index":"index","follow":"follow","max-snippet":"max-snippet:-1","max-image-preview":"max-image-preview:large","max-video-preview":"max-video-preview:-1"},"canonical":"https:\/\/vignobles-villemon.com\/en\/boutique\/wines\/red-wines\/grande-reserve\/","og_locale":"en_US","og_type":"article","og_title":"Grande R\u00e9serve","og_description":"Vignobles Villemon\u2019 est un vignoble en AOC BORDEAUX sur une surface de 21 Hectares. Pr\u00e8s de l\u2019Isle, la rivi\u00e8re qui traverse Libourne, le sol argilo-calcaire est parfait pour cultiver les c\u00e9pages traditionnels du bordelais, Merlot et Cabernet. Avec une production limit\u00e9e de 50.000 bouteilles par an, \u2018Vignobles Villemon\u2019 garantit des vins fins et de grande qualit\u00e9. Nous travaillons avec les meilleurs oenologues de la r\u00e9gion pour faire un vin de go\u00fbt classique et dans les traditions de l\u2019appellation Bordeaux, connu dans le monde entier.","og_url":"https:\/\/vignobles-villemon.com\/en\/boutique\/wines\/red-wines\/grande-reserve\/","og_site_name":"Vignobles Villemon","article_modified_time":"2025-02-13T15:37:38+00:00","og_image":[{"width":615,"height":1000,"url":"https:\/\/vignobles-villemon.com\/wp-content\/uploads\/2022\/02\/grandreserve-007.png","type":"image\/png"}],"twitter_card":"summary_large_image","schema":{"@context":"https:\/\/schema.org","@graph":[{"@type":"WebPage","@id":"https:\/\/vignobles-villemon.com\/en\/boutique\/wines\/red-wines\/grande-reserve\/","url":"https:\/\/vignobles-villemon.com\/en\/boutique\/wines\/red-wines\/grande-reserve\/","name":"Grande R\u00e9serve | Vignobles Villemon","isPartOf":{"@id":"https:\/\/vignobles-villemon.com\/#website"},"primaryImageOfPage":{"@id":"https:\/\/vignobles-villemon.com\/en\/boutique\/wines\/red-wines\/grande-reserve\/#primaryimage"},"image":{"@id":"https:\/\/vignobles-villemon.com\/en\/boutique\/wines\/red-wines\/grande-reserve\/#primaryimage"},"thumbnailUrl":"https:\/\/vignobles-villemon.com\/wp-content\/uploads\/2022\/02\/grandreserve-007.png","datePublished":"2022-02-08T15:34:20+00:00","dateModified":"2025-02-13T15:37:38+00:00","description":"Vignobles Villemon\u2019 est un vignoble en AOC BORDEAUX sur une surface de 21 Hectares. Pr\u00e8s de l\u2019Isle, la rivi\u00e8re qui traverse Libourne, le sol argilo-calcaire est parfait pour cultiver les c\u00e9pages traditionnels du bordelais, Merlot et Cabernet. Avec une production limit\u00e9e de 50.000 bouteilles par an, \u2018Vignobles Villemon\u2019 garantit des vins fins et de grande qualit\u00e9. Nous travaillons avec les meilleurs oenologues de la r\u00e9gion pour faire un vin de go\u00fbt classique et dans les traditions de l\u2019appellation Bordeaux, connu dans le monde entier.","breadcrumb":{"@id":"https:\/\/vignobles-villemon.com\/en\/boutique\/wines\/red-wines\/grande-reserve\/#breadcrumb"},"inLanguage":"en-US","potentialAction":[{"@type":"ReadAction","target":["https:\/\/vignobles-villemon.com\/en\/boutique\/wines\/red-wines\/grande-reserve\/"]}]},{"@type":"ImageObject","inLanguage":"en-US","@id":"https:\/\/vignobles-villemon.com\/en\/boutique\/wines\/red-wines\/grande-reserve\/#primaryimage","url":"https:\/\/vignobles-villemon.com\/wp-content\/uploads\/2022\/02\/grandreserve-007.png","contentUrl":"https:\/\/vignobles-villemon.com\/wp-content\/uploads\/2022\/02\/grandreserve-007.png","width":615,"height":1000,"caption":"Vignobles Villemon"},{"@type":"BreadcrumbList","@id":"https:\/\/vignobles-villemon.com\/en\/boutique\/wines\/red-wines\/grande-reserve\/#breadcrumb","itemListElement":[{"@type":"ListItem","position":1,"name":"Accueil","item":"https:\/\/vignobles-villemon.com\/en\/home\/"},{"@type":"ListItem","position":2,"name":"Boutique","item":"https:\/\/vignobles-villemon.com\/boutique\/"},{"@type":"ListItem","position":3,"name":"Grande R\u00e9serve"}]},{"@type":"WebSite","@id":"https:\/\/vignobles-villemon.com\/#website","url":"https:\/\/vignobles-villemon.com\/","name":"Vignobles Villemon","description":"VINS DE BORDEAUX - NOTRE PASSION...","publisher":{"@id":"https:\/\/vignobles-villemon.com\/#organization"},"alternateName":"Ch\u00e2teau Villemon","potentialAction":[{"@type":"SearchAction","target":{"@type":"EntryPoint","urlTemplate":"https:\/\/vignobles-villemon.com\/?s={search_term_string}"},"query-input":{"@type":"PropertyValueSpecification","valueRequired":true,"valueName":"search_term_string"}}],"inLanguage":"en-US"},{"@type":"Organization","@id":"https:\/\/vignobles-villemon.com\/#organization","name":"VIGNOBLES VILLEMON","alternateName":"CH\u00c2TEAUX VILLEMON","url":"https:\/\/vignobles-villemon.com\/","logo":{"@type":"ImageObject","inLanguage":"en-US","@id":"https:\/\/vignobles-villemon.com\/#\/schema\/logo\/image\/","url":"https:\/\/vignobles-villemon.com\/wp-content\/uploads\/2021\/11\/logo-006.png","contentUrl":"https:\/\/vignobles-villemon.com\/wp-content\/uploads\/2021\/11\/logo-006.png","width":1200,"height":421,"caption":"VIGNOBLES VILLEMON"},"image":{"@id":"https:\/\/vignobles-villemon.com\/#\/schema\/logo\/image\/"},"sameAs":["https:\/\/www.instagram.com\/chateauvillemon33\/"],"ethicsPolicy":"https:\/\/vignobles-villemon.com\/politique-de-confidentialite\/"}]}},"_links":{"self":[{"href":"https:\/\/vignobles-villemon.com\/en\/wp-json\/wp\/v2\/product\/984","targetHints":{"allow":["GET"]}}],"collection":[{"href":"https:\/\/vignobles-villemon.com\/en\/wp-json\/wp\/v2\/product"}],"about":[{"href":"https:\/\/vignobles-villemon.com\/en\/wp-json\/wp\/v2\/types\/product"}],"version-history":[{"count":21,"href":"https:\/\/vignobles-villemon.com\/en\/wp-json\/wp\/v2\/product\/984\/revisions"}],"predecessor-version":[{"id":2830,"href":"https:\/\/vignobles-villemon.com\/en\/wp-json\/wp\/v2\/product\/984\/revisions\/2830"}],"wp:featuredmedia":[{"embeddable":true,"href":"https:\/\/vignobles-villemon.com\/en\/wp-json\/wp\/v2\/media\/1600"}],"wp:attachment":[{"href":"https:\/\/vignobles-villemon.com\/en\/wp-json\/wp\/v2\/media?parent=984"}],"wp:term":[{"taxonomy":"product_brand","embeddable":true,"href":"https:\/\/vignobles-villemon.com\/en\/wp-json\/wp\/v2\/product_brand?post=984"},{"taxonomy":"product_cat","embeddable":true,"href":"https:\/\/vignobles-villemon.com\/en\/wp-json\/wp\/v2\/product_cat?post=984"},{"taxonomy":"product_tag","embeddable":true,"href":"https:\/\/vignobles-villemon.com\/en\/wp-json\/wp\/v2\/product_tag?post=984"}],"curies":[{"name":"wp","href":"https:\/\/api.w.org\/{rel}","templated":true}]}}